{"id":1212,"date":"2025-01-24T11:32:12","date_gmt":"2025-01-24T11:32:12","guid":{"rendered":"https:\/\/lena.theloyaltyco.app\/?page_id=1212"},"modified":"2025-12-17T16:56:38","modified_gmt":"2025-12-17T15:56:38","slug":"menus","status":"publish","type":"page","link":"https:\/\/lobitorestaurants.com\/es\/madrid\/menus\/","title":{"rendered":"Men\u00fas Lobito de Mar Madrid | Grupo Dani Garc\u00eda"},"content":{"rendered":"<section class=\"wpb-content-wrapper\"><p>[vc_section full_width=\u00bbstretch_row\u00bb el_class=\u00bbhero-wrapper inner-page-hero\u00bb css=\u00bb.vc_custom_1764154886891{background-image: url(https:\/\/lobitorestaurants.com\/wp-content\/uploads\/2025\/11\/LDM_header-1.png?id=4865) !important;}\u00bb][vc_row el_class=\u00bbcontent-box container\u00bb][vc_column][vc_custom_heading text=\u00bb{lang en_GB}<span>OUR<\/span> MENUS {\/lang}{lang es_ES}<span>Nuestros<\/span> MEN\u00daS {\/lang}\u00bb font_container=\u00bbtag:div|text_align:center\u00bb use_theme_fonts=\u00bbyes\u00bb el_class=\u00bbmain-heading-banner\u00bb][\/vc_column][\/vc_row][\/vc_section][vc_section full_width=\u00bbstretch_row\u00bb el_class=\u00bbmenu-wrapper-box-list menu-single-animtion bg-1&#8243;][vc_row el_class=\u00bbcontainer\u00bb][vc_column][vc_column_text]    <div class=\"row justify-content-center\">\n                    <div class=\"col-md-4\">\n                <article>\n                    <img decoding=\"async\" width=\"411\" height=\"350\" src=\"https:\/\/lobitorestaurants.com\/wp-content\/uploads\/2025\/10\/LDM_menu_carta.png\" class=\"attachment-full size-full wp-post-image\" alt=\"\" srcset=\"https:\/\/lobitorestaurants.com\/wp-content\/uploads\/2025\/10\/LDM_menu_carta.png 411w, https:\/\/lobitorestaurants.com\/wp-content\/uploads\/2025\/10\/LDM_menu_carta-300x255.png 300w\" sizes=\"(max-width: 411px) 100vw, 411px\" style=\"width:100%;height:85.16%;max-width:411px;\" title=\"\">                    <div class=\"space_content\">\n                        <h4>Carta<\/h4>\n                        <p> Descubre nuestro men\u00fa mediterr\u00e1neo con el mejor sabor a mar.                        <\/p>\n                                                    <div class=\"comman-btn\">\n                                <a href=\"https:\/\/grupodanigarcia.com\/wp-content\/uploads\/CARTAS\/LOBITO\/MADRID\/ES\/LOBITOMADRID_CARTA.pdf?1763549702\" target=\"_blank\" rel=\"noopener\">Ver Men\u00fa<\/a>\n                            <\/div>\n                        \n                    <\/div>\n                <\/article>\n\n\n            <\/div>\n                        <div class=\"col-md-4\">\n                <article>\n                    <img decoding=\"async\" width=\"411\" height=\"350\" src=\"https:\/\/lobitorestaurants.com\/wp-content\/uploads\/2025\/01\/LDM_menu_postres.png\" class=\"attachment-full size-full wp-post-image\" alt=\"\" srcset=\"https:\/\/lobitorestaurants.com\/wp-content\/uploads\/2025\/01\/LDM_menu_postres.png 411w, https:\/\/lobitorestaurants.com\/wp-content\/uploads\/2025\/01\/LDM_menu_postres-300x255.png 300w\" sizes=\"(max-width: 411px) 100vw, 411px\" style=\"width:100%;height:85.16%;max-width:411px;\" title=\"\">                    <div class=\"space_content\">\n                        <h4>Postres<\/h4>\n                        <p> El final m\u00e1s dulce para un viaje lleno de sabor marino.\r\nEn Lobito de Mar, nuestros postres son mucho m\u00e1s que el \u00faltimo bocado: son una celebraci\u00f3n del producto, de la t\u00e9cnica y de la frescura del mar.                        <\/p>\n                                                    <div class=\"comman-btn\">\n                                <a href=\"https:\/\/grupodanigarcia.com\/wp-content\/uploads\/CARTAS\/LOBITO\/MADRID\/ES\/LOBITOMADRID_POSTRES.pdf?1763550822\" target=\"_blank\" rel=\"noopener\">Ver Men\u00fa<\/a>\n                            <\/div>\n                        \n                    <\/div>\n                <\/article>\n\n\n            <\/div>\n                        <div class=\"col-md-4\">\n                <article>\n                    <img decoding=\"async\" width=\"600\" height=\"600\" src=\"https:\/\/lobitorestaurants.com\/wp-content\/uploads\/2025\/12\/LDM_greatest.png\" class=\"attachment-full size-full wp-post-image\" alt=\"\" srcset=\"https:\/\/lobitorestaurants.com\/wp-content\/uploads\/2025\/12\/LDM_greatest.png 600w, https:\/\/lobitorestaurants.com\/wp-content\/uploads\/2025\/12\/LDM_greatest-300x300.png 300w, https:\/\/lobitorestaurants.com\/wp-content\/uploads\/2025\/12\/LDM_greatest-150x150.png 150w\" sizes=\"(max-width: 600px) 100vw, 600px\" style=\"width:100%;height:100%;max-width:600px;\" title=\"\">                    <div class=\"space_content\">\n                        <h4>Men\u00fa Amarre<\/h4>\n                        <p> En Lobito de Mar presentamos Amarre, tu men\u00fa diario para disfrutar en la barra con una selecci\u00f3n de tapas y platos pensados para compartir y saborear el producto.                        <\/p>\n                                                    <div class=\"comman-btn\">\n                                <a href=\"https:\/\/grupodanigarcia.com\/wp-content\/uploads\/2026\/03\/LDM_amarre_menu.pdf\" target=\"_blank\" rel=\"noopener\">Ver Men\u00fa<\/a>\n                            <\/div>\n                        \n                    <\/div>\n                <\/article>\n\n\n            <\/div>\n                        <div class=\"col-md-4\">\n                <article>\n                    <img decoding=\"async\" width=\"411\" height=\"350\" src=\"https:\/\/lobitorestaurants.com\/wp-content\/uploads\/2025\/01\/LDM_menu_alergenos.png\" class=\"attachment-full size-full wp-post-image\" alt=\"\" srcset=\"https:\/\/lobitorestaurants.com\/wp-content\/uploads\/2025\/01\/LDM_menu_alergenos.png 411w, https:\/\/lobitorestaurants.com\/wp-content\/uploads\/2025\/01\/LDM_menu_alergenos-300x255.png 300w\" sizes=\"(max-width: 411px) 100vw, 411px\" style=\"width:100%;height:85.16%;max-width:411px;\" title=\"\">                    <div class=\"space_content\">\n                        <h4>Al\u00e9rgenos<\/h4>\n                        <p> Consulta aqu\u00ed todo lo que necesitas saber para disfrutar una experiencia \u00fanica sin\u00a0preocupaciones                        <\/p>\n                                                    <div class=\"comman-btn\">\n                                <a href=\"https:\/\/grupodanigarcia.com\/wp-content\/uploads\/CARTAS\/LOBITO\/MADRID\/ES\/LOBITOMADRID_CARTA_ALERGENOS.pdf?1763550822\" target=\"_blank\" rel=\"noopener\">Ver Men\u00fa<\/a>\n                            <\/div>\n                        \n                    <\/div>\n                <\/article>\n\n\n            <\/div>\n                        <div class=\"col-md-4\">\n                <article>\n                    <img decoding=\"async\" width=\"411\" height=\"350\" src=\"https:\/\/lobitorestaurants.com\/wp-content\/uploads\/2025\/01\/LDM_menu_vinos.png\" class=\"attachment-full size-full wp-post-image\" alt=\"\" srcset=\"https:\/\/lobitorestaurants.com\/wp-content\/uploads\/2025\/01\/LDM_menu_vinos.png 411w, https:\/\/lobitorestaurants.com\/wp-content\/uploads\/2025\/01\/LDM_menu_vinos-300x255.png 300w\" sizes=\"(max-width: 411px) 100vw, 411px\" style=\"width:100%;height:85.16%;max-width:411px;\" title=\"\">                    <div class=\"space_content\">\n                        <h4>Bodega<\/h4>\n                        <p> La bodega de Lobito de Mar Madrid es el complemento perfecto para nuestra propuesta marinera. Un viaje por vinos nacionales e internacionales seleccionados con mimo para acompa\u00f1ar pescados de lonja, mariscos y arroces con el mar como protagonista.                        <\/p>\n                                                    <div class=\"comman-btn\">\n                                <a href=\"https:\/\/grupodanigarcia.com\/wp-content\/uploads\/CARTAS\/LOBITO\/MADRID\/LOBITOMADRID_VINOS.pdf?1763549702\" target=\"_blank\" rel=\"noopener\">Ver Men\u00fa<\/a>\n                            <\/div>\n                        \n                    <\/div>\n                <\/article>\n\n\n            <\/div>\n                        <div class=\"col-md-4\">\n                <article>\n                    <img decoding=\"async\" width=\"411\" height=\"350\" src=\"https:\/\/lobitorestaurants.com\/wp-content\/uploads\/2025\/01\/LDM_menu_cocktails.png\" class=\"attachment-full size-full wp-post-image\" alt=\"\" srcset=\"https:\/\/lobitorestaurants.com\/wp-content\/uploads\/2025\/01\/LDM_menu_cocktails.png 411w, https:\/\/lobitorestaurants.com\/wp-content\/uploads\/2025\/01\/LDM_menu_cocktails-300x255.png 300w\" sizes=\"(max-width: 411px) 100vw, 411px\" style=\"width:100%;height:85.16%;max-width:411px;\" title=\"\">                    <div class=\"space_content\">\n                        <h4>C\u00f3cteles<\/h4>\n                        <p> Destilados que capturan la esencia mediterr\u00e1nea y elevan cada momento en Lobito de Mar Madrid.                        <\/p>\n                                                    <div class=\"comman-btn\">\n                                <a href=\"https:\/\/grupodanigarcia.com\/wp-content\/uploads\/CARTAS\/LOBITO\/MADRID\/ES\/LOBITOMADRID_COCKTAILS.pdf?1763549324\" target=\"_blank\" rel=\"noopener\">Ver Men\u00fa<\/a>\n                            <\/div>\n                        \n                    <\/div>\n                <\/article>\n\n\n            <\/div>\n                <\/div>\n    [\/vc_column_text][\/vc_column][\/vc_row][\/vc_section][vc_section full_width=\u00bbstretch_row\u00bb el_class=\u00bbmenu-wrapper-box mnu menu-page-animtion bg-2&#8243; css=\u00bb.vc_custom_1762234759359{background-position: center !important;background-repeat: no-repeat !important;background-size: cover !important;}\u00bb][vc_row content_placement=\u00bbtop\u00bb el_class=\u00bbcontainer\u00bb][vc_column width=\u00bb1\/2&#8243; el_class=\u00bbtheiaStickySidebar left-private-details column-content leftSidebar\u00bb el_id=\u00bbsidebar-nav\u00bb][vc_custom_heading text=\u00bb{lang en_GB}<span>OUR<\/span> MENUS {\/lang}{lang es_ES}<span>Nuestros<\/span> MEN\u00daS {\/lang}\u00bb font_container=\u00bbtag:h2|text_align:left|color:%23ffffff\u00bb use_theme_fonts=\u00bbyes\u00bb el_class=\u00bbcomman-heading-style\u00bb][vc_column_text content_es_es=\u00bbRW4lMjBMb2JpdG8lMjBkZSUyME1hciUyME1hZHJpZCUyQyUyMCUzQ3N0cm9uZyUzRWxhJTIwZ2FzdHJvbm9tJUMzJUFEYSUyMG1hcmluZXJhJTIwY29icmElMjB2aWRhJTIwY29uJTIwdW4lMjBlcXVpbGlicmlvJTIwZW50cmUlMjB0cmFkaWNpJUMzJUIzbiUyMHklMjBjcmVhdGl2aWRhZCUzQyUyRnN0cm9uZyUzRS4lMjBOdWVzdHJhJTIwY2FydGElMjByZWNvcnJlJTIwZWwlMjBtZWpvciUyMHByb2R1Y3RvJTIwZGVsJTIwbWFyJTNBJTIwZGVzZGUlMjBlbnRyYW50ZXMlMjBtYXJpbm9zJTIweSUyMHZlZ2V0YWxlcyUyQyUyMGhhc3RhJTIwY3J1ZG9zJTJDJTIwdGFwYXMlMkMlMjBndWlzb3MlMjB5JTIwcGVzY2Fkb3MlMjBkZSUyMGxvbmphLiUyMEVudHJlJTIwbnVlc3RyYXMlMjBwcm9wdWVzdGFzJTIwZGVzdGFjYW4lMjBsYSUyMGx1YmluYSUyMGElMjBsYSUyMGJyYXNhJTJDJTIwcm9kYWJhbGxvJTIwc2FsdmFqZSUyQyUyMGZyaXR1cmFzJTIwdHJhZGljaW9uYWxlcyUyQyUyMGFycm9jZXMlMjBzZWNvcyUyMHklMjBtZWxvc29zJTJDJTIweSUyMGVzcGVjaWFsaWRhZGVzJTIwY29tbyUyMGVsJTIwY2FyYWJpbmVybyUyMFhYTCUyMG8lMjBsb3MlMjBlc3BldG9zLiUyMCUwQSUwQVBhcmElMjBhY29tcGElQzMlQjFhciUyQyUyMGNvbnRhbW9zJTIwY29uJTIwdW5hJTIwJTNDc3Ryb25nJTNFc2VsZWNjaSVDMyVCM24lMjBkZSUyMHZpbm9zJTIwZGUlMjBjYWxpZGFkJTIwcXVlJTIwbWFyaWRhbiUyMGNvbiUyMG51ZXN0cmElMjBwcm9wdWVzdGElMjBtYXJpbmElM0MlMkZzdHJvbmclM0UlM0ElMjBibGFuY29zJTIwZnJlc2NvcyUyQyUyMHRpbnRvcyUyMGNvbiUyMGNhciVDMyVBMWN0ZXIlMjB5JTIwYWxndW5hcyUyMHJlZmVyZW5jaWFzJTIwZGVzdGFjYWRhcyUyMHF1ZSUyMGVucmlxdWVjZW4lMjBsYSUyMGV4cGVyaWVuY2lhJTIwZW4lMjBsYSUyMG1lc2EuJTBBJTBBQ2FkYSUyMHBsYXRvJTIwcmVmbGVqYSUyMG51ZXN0cm8lMjBjb21wcm9taXNvJTIwY29uJTIwZWwlMjBwcm9kdWN0byUzQSUyMCUzQ3N0cm9uZyUzRWNhZGElMjBpbmdyZWRpZW50ZSUyMHRpZW5lJTIwc3UlMjBvcmlnZW4lMjB5JTIwc3UlMjBoaXN0b3JpYSUzQyUyRnN0cm9uZyUzRSUyQyUyMHNpZW1wcmUlMjBidXNjYW5kbyUyMHNvcnByZW5kZXJ0ZSUyMGNvbiUyMGF1dGVudGljaWRhZCUyMHklMjBzYWJvci4=\u00bb el_class=\u00bbcomman-content\u00bb]At Lobito de Mar Madrid, <strong>seafood cuisine comes alive with a perfect balance of tradition and creativity<\/strong>. Our menu features the finest seafood: from seafood and vegetable starters to raw dishes, <strong>tapas, stews, and fresh fish from the market<\/strong>. Among our highlights are grilled sea bass, wild turbot, traditional fried dishes, dry and creamy rice dishes, and specialties like the XXL scarlet prawn and grilled sardines.<\/p>\n<p>To complement your meal, we offer a selection of quality wines that pair beautifully with our seafood offerings: <strong>crisp whites, characterful reds, and some outstanding wines<\/strong> that enhance your dining experience.<\/p>\n<p>Each dish reflects our commitment to the product: every ingredient has its origin and its story, always striving to surprise you with <strong>authenticity and flavor<\/strong>.[\/vc_column_text][vc_column_text el_class=\u00bbcomman-content\u00bb][\/vc_column_text][\/vc_column][vc_column width=\u00bb1\/2&#8243; el_class=\u00bbright-slider-wrapper column-img content pt-mobile-comman\u00bb][vc_single_image image=\u00bb4843&#8243; img_size=\u00bbfull\u00bb][\/vc_column][\/vc_row][\/vc_section][vc_section el_class=\u00bbinstagram-wrapper-box\u00bb][vc_row][vc_column][vc_single_image image=\u00bb97&#8243; img_size=\u00bbfull\u00bb alignment=\u00bbcenter\u00bb][\/vc_column][\/vc_row][\/vc_section]<\/p>\n<\/section>","protected":false},"excerpt":{"rendered":"<p>Disfruta de un brunch \u00fanico en Le\u00f1a Madrid, donde la tradici\u00f3n y la innovaci\u00f3n se encuentran en cada plato. Te ofrecemos una selecci\u00f3n de sabores dulces y salados, elaborados con los mejores ingredientes y pensados para acompa\u00f1ar cada momento con sabor y estilo. Todos los S\u00e1bados y Domingos.<\/p>\n","protected":false},"author":1,"featured_media":0,"parent":1194,"menu_order":1,"comment_status":"closed","ping_status":"closed","template":"","meta":{"footnotes":""},"class_list":["post-1212","page","type-page","status-publish","hentry","entry"],"_links":{"self":[{"href":"https:\/\/lobitorestaurants.com\/es\/wp-json\/wp\/v2\/pages\/1212","targetHints":{"allow":["GET"]}}],"collection":[{"href":"https:\/\/lobitorestaurants.com\/es\/wp-json\/wp\/v2\/pages"}],"about":[{"href":"https:\/\/lobitorestaurants.com\/es\/wp-json\/wp\/v2\/types\/page"}],"author":[{"embeddable":true,"href":"https:\/\/lobitorestaurants.com\/es\/wp-json\/wp\/v2\/users\/1"}],"replies":[{"embeddable":true,"href":"https:\/\/lobitorestaurants.com\/es\/wp-json\/wp\/v2\/comments?post=1212"}],"version-history":[{"count":42,"href":"https:\/\/lobitorestaurants.com\/es\/wp-json\/wp\/v2\/pages\/1212\/revisions"}],"predecessor-version":[{"id":5066,"href":"https:\/\/lobitorestaurants.com\/es\/wp-json\/wp\/v2\/pages\/1212\/revisions\/5066"}],"up":[{"embeddable":true,"href":"https:\/\/lobitorestaurants.com\/es\/wp-json\/wp\/v2\/pages\/1194"}],"wp:attachment":[{"href":"https:\/\/lobitorestaurants.com\/es\/wp-json\/wp\/v2\/media?parent=1212"}],"curies":[{"name":"wp","href":"https:\/\/api.w.org\/{rel}","templated":true}]}}