{"id":4727,"date":"2025-11-07T12:04:34","date_gmt":"2025-11-07T12:04:34","guid":{"rendered":"https:\/\/lobitorestaurants.com\/?page_id=4727"},"modified":"2025-12-02T16:19:23","modified_gmt":"2025-12-02T15:19:23","slug":"whats-on","status":"publish","type":"page","link":"https:\/\/lobitorestaurants.com\/es\/madrid\/whats-on\/","title":{"rendered":"Eventos y Comida de Grupos Lobito de Mar Madrid | Grupo Dani Garc\u00eda"},"content":{"rendered":"<section class=\"wpb-content-wrapper\"><p>[vc_section full_width=\u00bbstretch_row\u00bb el_class=\u00bbhero-wrapper inner-page-hero\u00bb css=\u00bb.vc_custom_1764156537468{background-image: url(https:\/\/lobitorestaurants.com\/wp-content\/uploads\/2025\/11\/LDM_header-2.png?id=4869) !important;}\u00bb][vc_row el_class=\u00bbcontent-box container\u00bb][vc_column][vc_custom_heading text=\u00bb{lang en_GB} <span>Madrid<\/span> What&#8217;s On {\/lang}{lang es_ES} <span>Madrid<\/span> What&#8217;s On {\/lang}\u00bb font_container=\u00bbtag:div|text_align:center\u00bb use_theme_fonts=\u00bbyes\u00bb el_class=\u00bbmain-heading-banner\u00bb][\/vc_column][\/vc_row][\/vc_section][vc_section full_width=\u00bbstretch_row\u00bb el_class=\u00bbpvt-single-menu-wrapper bg-1 comman-whaton-page cm-padding-whatson\u00bb][vc_row el_class=\u00bbcontainer\u00bb][vc_column][vc_column_text]        <style>\n            \/* IGUALAR ALTURAS EN ESCRITORIO *\/\n            .whaton_listed_page.vc_row {\n                display: flex;\n                flex-wrap: wrap;\n            }\n            .whaton_listed_page .wpb_column {\n                display: flex;\n            }\n            .whaton_listed_page .vc_column-inner {\n                display: flex;\n                flex-direction: column;\n                width: 100%;\n            }\n            .whaton_listed_page .wpb_wrapper {\n                display: flex;\n                flex-direction: column;\n                flex-grow: 1;\n                height: 100%;\n                background: #fff; \/* Ajusta seg\u00fan tu dise\u00f1o *\/\n            }\n\n            \/* IMAGEN PROPORCIONAL *\/\n            .whatson-img-container {\n                width: 100%;\n                height: 220px;\n                overflow: hidden;\n                flex-shrink: 0;\n            }\n            .whatson-img-container img {\n                width: 100%;\n                height: 100%;\n                object-fit: cover;\n            }\n\n            \/* CONTENIDO Y BOT\u00d3N AL FINAL *\/\n            .whatson-text-content {\n                padding: 15px;\n                display: flex;\n                flex-direction: column;\n                flex-grow: 1;\n            }\n            .whaton_listed_page .vc_btn3-container {\n                margin-top: auto; \/* Empuja el bot\u00f3n al fondo *\/\n                padding-top: 15px;\n            }\n\n            \/* DISE\u00d1O HORIZONTAL EN M\u00d3VIL *\/\n            @media (max-width: 767px) {\n                .whaton_listed_page.vc_row {\n                    flex-direction: column;\n                }\n                .whaton_listed_page .wpb_wrapper {\n                    flex-direction: row; \/* Contenido lado a lado *\/\n                    align-items: center;\n                    min-height: 130px;\n                    border-bottom: 1px solid #eee;\n                    margin-bottom: 10px;\n                }\n                .whatson-img-container {\n                    width: 35%; \/* Imagen a la izquierda *\/\n                    height: 110px;\n                    border-radius: 4px;\n                }\n                .whatson-text-content {\n                    width: 65%;\n                    padding: 10px 15px;\n                }\n                .whatson-text-content h4 { font-size: 1rem; margin-bottom: 5px; }\n                .whatson-text-content h5 { font-size: 0.8rem; margin-bottom: 5px; }\n                .whatson-text-content p { display: none; } \/* Ocultar extracto en m\u00f3vil para ahorrar espacio *\/\n                \n                .whaton_listed_page .vc_btn3-container {\n                    margin-top: 5px;\n                    padding-top: 0;\n                }\n            }\n        <\/style>\n\n        <div class=\"whatson_list\">\n            <div class=\"whaton_listed_page vc_row wpb_row vc_row-fluid\">\n                                    <div class=\"wpb_column vc_column_container vc_col-sm-4\">\n                        <div class=\"vc_column-inner\">\n                            <div class=\"wpb_wrapper\">\n                                <div class=\"whatson-img-container\">\n                                    <img decoding=\"async\" width=\"600\" height=\"600\" src=\"https:\/\/lobitorestaurants.com\/wp-content\/uploads\/2025\/12\/LDM_greatest.png\" class=\"attachment-medium_large size-medium_large wp-post-image\" alt=\"\" srcset=\"https:\/\/lobitorestaurants.com\/wp-content\/uploads\/2025\/12\/LDM_greatest.png 600w, https:\/\/lobitorestaurants.com\/wp-content\/uploads\/2025\/12\/LDM_greatest-300x300.png 300w, https:\/\/lobitorestaurants.com\/wp-content\/uploads\/2025\/12\/LDM_greatest-150x150.png 150w\" sizes=\"(max-width: 600px) 100vw, 600px\" style=\"width:100%;height:100%;max-width:600px;\" title=\"\">                                <\/div>\n                                \n                                <div class=\"whatson-text-content\">\n                                    <h4>Amarre Men\u00fa<\/h4>\n                                    <h5><\/h5>\n                                    <p>Nuestro Men\u00fa Amarre est\u00e1 pensado para compartir, descubrir y dejarse llevar por los sabores m\u00e1s ic\u00f3nicos de la casa.<\/p>\n                                    \n                                    <div class=\"vc_btn3-container comman-btn vc_btn3-inline\">\n                                        <a href=\"https:\/\/lobitorestaurants.com\/es\/madrid\/whats-on\/new-amarre-menu\/\">\n                                            {lang en_GB}View more{\/lang}{lang es_ES}Ver m\u00e1s{\/lang}                                        <\/a>\n                                    <\/div>\n                                <\/div>\n                            <\/div>\n                        <\/div>\n                    <\/div>\n                            <\/div>\n\n            <div class=\"pagination\">\n                            <\/div>\n        <\/div>\n\n        <script>\n            jQuery(document).ready(function ($) {\n                $(document).on('click', '.pagination a', function (e) {\n                    e.preventDefault();\n                    var href = $(this).attr('href');\n                    var match = href.match(\/page\\\/(\\d+)\/);\n                    if (match && match[1]) {\n                        load_posts(match[1]);\n                    }\n                });\n\n                function load_posts(page) {\n                    $.ajax({\n                        url: 'https:\/\/lobitorestaurants.com\/wp-admin\/admin-ajax.php',\n                        type: 'POST',\n                        data: {\n                            action: 'load_posts',\n                            page: page,\n                            ptype: \"madridwhatson\"\n                        },\n                        beforeSend: function () {\n                            $('.whatson_list').addClass('loading');\n                        },\n                        success: function (data) {\n                            $('.whatson_list').html(data);\n                        },\n                        complete: function () {\n                            $('.whatson_list').removeClass('loading');\n                        }\n                    });\n                }\n            });\n        <\/script>\n        [\/vc_column_text][\/vc_column][\/vc_row][\/vc_section][vc_section el_class=\u00bbinstagram-wrapper-box\u00bb][vc_row][vc_column][vc_single_image image=\u00bb97&#8243; img_size=\u00bbfull\u00bb alignment=\u00bbcenter\u00bb][\/vc_column][\/vc_row][\/vc_section]<\/p>\n<\/section>","protected":false},"excerpt":{"rendered":"<p>[vc_section full_width=\u00bbstretch_row\u00bb el_class=\u00bbhero-wrapper inner-page-hero\u00bb css=\u00bb.vc_custom_1764156537468{background-image: url(https:\/\/lobitorestaurants.com\/wp-content\/uploads\/2025\/11\/LDM_header-2.png?id=4869) !important;}\u00bb][vc_row el_class=\u00bbcontent-box container\u00bb][vc_column][vc_custom_heading text=\u00bb{lang en_GB} Madrid What&#8217;s On {\/lang}{lang es_ES} Madrid What&#8217;s On {\/lang}\u00bb font_container=\u00bbtag:div|text_align:center\u00bb use_theme_fonts=\u00bbyes\u00bb el_class=\u00bbmain-heading-banner\u00bb][\/vc_column][\/vc_row][\/vc_section][vc_section full_width=\u00bbstretch_row\u00bb el_class=\u00bbpvt-single-menu-wrapper bg-1 comman-whaton-page cm-padding-whatson\u00bb][vc_row el_class=\u00bbcontainer\u00bb][vc_column][vc_column_text][\/vc_column_text][\/vc_column][\/vc_row][\/vc_section][vc_section el_class=\u00bbinstagram-wrapper-box\u00bb][vc_row][vc_column][vc_single_image image=\u00bb97&#8243; img_size=\u00bbfull\u00bb alignment=\u00bbcenter\u00bb][\/vc_column][\/vc_row][\/vc_section]<\/p>\n","protected":false},"author":1,"featured_media":0,"parent":1194,"menu_order":2,"comment_status":"closed","ping_status":"closed","template":"","meta":{"footnotes":""},"class_list":["post-4727","page","type-page","status-publish","hentry","entry"],"_links":{"self":[{"href":"https:\/\/lobitorestaurants.com\/es\/wp-json\/wp\/v2\/pages\/4727","targetHints":{"allow":["GET"]}}],"collection":[{"href":"https:\/\/lobitorestaurants.com\/es\/wp-json\/wp\/v2\/pages"}],"about":[{"href":"https:\/\/lobitorestaurants.com\/es\/wp-json\/wp\/v2\/types\/page"}],"author":[{"embeddable":true,"href":"https:\/\/lobitorestaurants.com\/es\/wp-json\/wp\/v2\/users\/1"}],"replies":[{"embeddable":true,"href":"https:\/\/lobitorestaurants.com\/es\/wp-json\/wp\/v2\/comments?post=4727"}],"version-history":[{"count":8,"href":"https:\/\/lobitorestaurants.com\/es\/wp-json\/wp\/v2\/pages\/4727\/revisions"}],"predecessor-version":[{"id":4885,"href":"https:\/\/lobitorestaurants.com\/es\/wp-json\/wp\/v2\/pages\/4727\/revisions\/4885"}],"up":[{"embeddable":true,"href":"https:\/\/lobitorestaurants.com\/es\/wp-json\/wp\/v2\/pages\/1194"}],"wp:attachment":[{"href":"https:\/\/lobitorestaurants.com\/es\/wp-json\/wp\/v2\/media?parent=4727"}],"curies":[{"name":"wp","href":"https:\/\/api.w.org\/{rel}","templated":true}]}}