{"id":5012,"date":"2025-12-10T10:26:14","date_gmt":"2025-12-10T09:26:14","guid":{"rendered":"https:\/\/lobitorestaurants.com\/?page_id=5012"},"modified":"2026-02-23T09:22:19","modified_gmt":"2026-02-23T08:22:19","slug":"menus-tapas","status":"publish","type":"page","link":"https:\/\/lobitorestaurants.com\/es\/marbella\/cartas-tapas\/","title":{"rendered":"Men\u00fas Tapas Lobito De Mar Marbella | Grupo Dani Garc\u00eda"},"content":{"rendered":"<section class=\"wpb-content-wrapper\"><p>[vc_section full_width=\u00bbstretch_row\u00bb el_class=\u00bbhero-wrapper inner-page-hero\u00bb css=\u00bb.vc_custom_1764153650709{background-image: url(https:\/\/lobitorestaurants.com\/wp-content\/uploads\/2025\/11\/LDM_header-1.png?id=4865) !important;}\u00bb][vc_row el_class=\u00bbcontent-box container\u00bb][vc_column][vc_custom_heading text=\u00bb{lang en_GB}<span>OUR<\/span> MENUS {\/lang}{lang es_ES}MEN\u00daS {\/lang}\u00bb font_container=\u00bbtag:div|text_align:center\u00bb use_theme_fonts=\u00bbyes\u00bb el_class=\u00bbmain-heading-banner\u00bb][\/vc_column][\/vc_row][\/vc_section][vc_section full_width=\u00bbstretch_row\u00bb el_class=\u00bbmenu-wrapper-box-list menu-single-animtion bg-1&#8243;][vc_row el_class=\u00bbcontainer\u00bb][vc_column][vc_column_text]    <div class=\"row justify-content-center\">\n                    <div class=\"col-md-4\">\n                <article>\n                    <img decoding=\"async\" width=\"411\" height=\"350\" src=\"https:\/\/lobitorestaurants.com\/wp-content\/uploads\/2025\/10\/LDM_menu_carta.png\" class=\"attachment-full size-full wp-post-image\" alt=\"\" srcset=\"https:\/\/lobitorestaurants.com\/wp-content\/uploads\/2025\/10\/LDM_menu_carta.png 411w, https:\/\/lobitorestaurants.com\/wp-content\/uploads\/2025\/10\/LDM_menu_carta-300x255.png 300w\" sizes=\"(max-width: 411px) 100vw, 411px\" style=\"width:100%;height:85.16%;max-width:411px;\" title=\"\">                    <div class=\"space_content\">\n                        <h4>Men\u00fa<\/h4>\n                        <p> En Lobito de Mar Marbella, la gastronom\u00eda marinera cobra vida con un equilibrio entre tradici\u00f3n y creatividad.                        <\/p>\n                                                    <div class=\"comman-btn\">\n                                <a href=\"https:\/\/grupodanigarcia.com\/wp-content\/uploads\/CARTAS\/LOBITO\/MARBELLA\/ES\/LOBITOMARBELLA_CARTA.pdf?1763979520\" target=\"_blank\" rel=\"noopener\">Ver Men\u00fa<\/a>\n                            <\/div>\n                        \n                    <\/div>\n                <\/article>\n\n\n            <\/div>\n                        <div class=\"col-md-4\">\n                <article>\n                    <img decoding=\"async\" width=\"411\" height=\"350\" src=\"https:\/\/lobitorestaurants.com\/wp-content\/uploads\/2025\/01\/LDM_menu_postres.png\" class=\"attachment-full size-full wp-post-image\" alt=\"\" srcset=\"https:\/\/lobitorestaurants.com\/wp-content\/uploads\/2025\/01\/LDM_menu_postres.png 411w, https:\/\/lobitorestaurants.com\/wp-content\/uploads\/2025\/01\/LDM_menu_postres-300x255.png 300w\" sizes=\"(max-width: 411px) 100vw, 411px\" style=\"width:100%;height:85.16%;max-width:411px;\" title=\"\">                    <div class=\"space_content\">\n                        <h4>Postres<\/h4>\n                        <p> El broche perfecto para una experiencia a la brasa. Nuestros postres combinan t\u00e9cnica, creatividad y sabor para dejar una huella dulce en el paladar.                        <\/p>\n                                                    <div class=\"comman-btn\">\n                                <a href=\"https:\/\/grupodanigarcia.com\/wp-content\/uploads\/CARTAS\/LOBITO\/MARBELLA\/ES\/LOBITOMARBELLA_POSTRES.pdf?1763979788\" target=\"_blank\" rel=\"noopener\">Ver Men\u00fa<\/a>\n                            <\/div>\n                        \n                    <\/div>\n                <\/article>\n\n\n            <\/div>\n                        <div class=\"col-md-4\">\n                <article>\n                    <img decoding=\"async\" width=\"600\" height=\"600\" src=\"https:\/\/lobitorestaurants.com\/wp-content\/uploads\/2025\/12\/LDM_greatest.png\" class=\"attachment-full size-full wp-post-image\" alt=\"\" srcset=\"https:\/\/lobitorestaurants.com\/wp-content\/uploads\/2025\/12\/LDM_greatest.png 600w, https:\/\/lobitorestaurants.com\/wp-content\/uploads\/2025\/12\/LDM_greatest-300x300.png 300w, https:\/\/lobitorestaurants.com\/wp-content\/uploads\/2025\/12\/LDM_greatest-150x150.png 150w\" sizes=\"(max-width: 600px) 100vw, 600px\" style=\"width:100%;height:100%;max-width:600px;\" title=\"\">                    <div class=\"space_content\">\n                        <h4>Men\u00fa Amarre<\/h4>\n                        <p> En Lobito de Mar presentamos Amarre, tu men\u00fa diario para disfrutar en la barra con una selecci\u00f3n de tapas y platos pensados para compartir y saborear el producto.                        <\/p>\n                                                    <div class=\"comman-btn\">\n                                <a href=\"https:\/\/grupodanigarcia.com\/wp-content\/uploads\/2026\/03\/LDM_amarre_menu.pdf\" target=\"_blank\" rel=\"noopener\">Ver Men\u00fa<\/a>\n                            <\/div>\n                        \n                    <\/div>\n                <\/article>\n\n\n            <\/div>\n                        <div class=\"col-md-4\">\n                <article>\n                    <img decoding=\"async\" width=\"411\" height=\"350\" src=\"https:\/\/lobitorestaurants.com\/wp-content\/uploads\/2025\/01\/LDM_menu_alergenos.png\" class=\"attachment-full size-full wp-post-image\" alt=\"\" srcset=\"https:\/\/lobitorestaurants.com\/wp-content\/uploads\/2025\/01\/LDM_menu_alergenos.png 411w, https:\/\/lobitorestaurants.com\/wp-content\/uploads\/2025\/01\/LDM_menu_alergenos-300x255.png 300w\" sizes=\"(max-width: 411px) 100vw, 411px\" style=\"width:100%;height:85.16%;max-width:411px;\" title=\"\">                    <div class=\"space_content\">\n                        <h4>Al\u00e9rgenos<\/h4>\n                        <p> Consulta aqu\u00ed todo lo que necesitas saber para disfrutar una experiencia \u00fanica sin\u00a0preocupaciones.                        <\/p>\n                                                    <div class=\"comman-btn\">\n                                <a href=\"https:\/\/grupodanigarcia.com\/wp-content\/uploads\/CARTAS\/LOBITO\/MARBELLA\/ES\/LOBITOMARBELLA_CARTA_ALERGENOS.pdf?1763980144\" target=\"_blank\" rel=\"noopener\">Ver Men\u00fa<\/a>\n                            <\/div>\n                        \n                    <\/div>\n                <\/article>\n\n\n            <\/div>\n                        <div class=\"col-md-4\">\n                <article>\n                    <img decoding=\"async\" width=\"411\" height=\"350\" src=\"https:\/\/lobitorestaurants.com\/wp-content\/uploads\/2025\/01\/LDM_menu_vinos.png\" class=\"attachment-full size-full wp-post-image\" alt=\"\" srcset=\"https:\/\/lobitorestaurants.com\/wp-content\/uploads\/2025\/01\/LDM_menu_vinos.png 411w, https:\/\/lobitorestaurants.com\/wp-content\/uploads\/2025\/01\/LDM_menu_vinos-300x255.png 300w\" sizes=\"(max-width: 411px) 100vw, 411px\" style=\"width:100%;height:85.16%;max-width:411px;\" title=\"\">                    <div class=\"space_content\">\n                        <h4>Bodega<\/h4>\n                        <p> La bodega de Lobito de Mar es el maridaje perfecto para nuestra cocina marinera. Un recorrido por referencias nacionales e internacionales cuidadosamente seleccionadas para realzar el sabor de nuestros pescados, mariscos y arroces.                        <\/p>\n                                                    <div class=\"comman-btn\">\n                                <a href=\"https:\/\/grupodanigarcia.com\/wp-content\/uploads\/CARTAS\/LOBITO\/MARBELLA\/LOBITOMARBELLA_VINOS.pdf?1763979788\" target=\"_blank\" rel=\"noopener\">Ver Men\u00fa<\/a>\n                            <\/div>\n                        \n                    <\/div>\n                <\/article>\n\n\n            <\/div>\n                        <div class=\"col-md-4\">\n                <article>\n                    <img decoding=\"async\" width=\"411\" height=\"350\" src=\"https:\/\/lobitorestaurants.com\/wp-content\/uploads\/2025\/10\/LDM_menu_destiladospng.png\" class=\"attachment-full size-full wp-post-image\" alt=\"\" srcset=\"https:\/\/lobitorestaurants.com\/wp-content\/uploads\/2025\/10\/LDM_menu_destiladospng.png 411w, https:\/\/lobitorestaurants.com\/wp-content\/uploads\/2025\/10\/LDM_menu_destiladospng-300x255.png 300w\" sizes=\"(max-width: 411px) 100vw, 411px\" style=\"width:100%;height:85.16%;max-width:411px;\" title=\"\">                    <div class=\"space_content\">\n                        <h4>Destilados<\/h4>\n                        <p> Lobito rinde homenaje al mar y a la tradici\u00f3n mediterr\u00e1nea                        <\/p>\n                                                    <div class=\"comman-btn\">\n                                <a href=\"https:\/\/grupodanigarcia.com\/wp-content\/uploads\/CARTAS\/LOBITO\/MARBELLA\/LOBITOMARBELLA_DESTILADOS.pdf?1763979520\" target=\"_blank\" rel=\"noopener\">Ver Men\u00fa<\/a>\n                            <\/div>\n                        \n                    <\/div>\n                <\/article>\n\n\n            <\/div>\n                        <div class=\"col-md-4\">\n                <article>\n                    <img decoding=\"async\" width=\"411\" height=\"350\" src=\"https:\/\/lobitorestaurants.com\/wp-content\/uploads\/2025\/01\/LDM_menu_cocktails.png\" class=\"attachment-full size-full wp-post-image\" alt=\"\" srcset=\"https:\/\/lobitorestaurants.com\/wp-content\/uploads\/2025\/01\/LDM_menu_cocktails.png 411w, https:\/\/lobitorestaurants.com\/wp-content\/uploads\/2025\/01\/LDM_menu_cocktails-300x255.png 300w\" sizes=\"(max-width: 411px) 100vw, 411px\" style=\"width:100%;height:85.16%;max-width:411px;\" title=\"\">                    <div class=\"space_content\">\n                        <h4>C\u00f3cteles<\/h4>\n                        <p> Los c\u00f3cteles son otra opci\u00f3n para degustar las combinaciones m\u00e1s creativas y conocer mejor la esencia de Lobito.                        <\/p>\n                                                    <div class=\"comman-btn\">\n                                <a href=\"https:\/\/grupodanigarcia.com\/wp-content\/uploads\/CARTAS\/LOBITO\/MARBELLA\/ES\/LOBITOMARBELLA_COCKTAILS.pdf?1763980008\" target=\"_blank\" rel=\"noopener\">Ver Men\u00fa<\/a>\n                            <\/div>\n                        \n                    <\/div>\n                <\/article>\n\n\n            <\/div>\n                        <div class=\"col-md-4\">\n                <article>\n                    <img decoding=\"async\" width=\"411\" height=\"350\" src=\"https:\/\/lobitorestaurants.com\/wp-content\/uploads\/2025\/10\/TBMARB_MENUS_barra.png\" class=\"attachment-full size-full wp-post-image\" alt=\"\" srcset=\"https:\/\/lobitorestaurants.com\/wp-content\/uploads\/2025\/10\/TBMARB_MENUS_barra.png 411w, https:\/\/lobitorestaurants.com\/wp-content\/uploads\/2025\/10\/TBMARB_MENUS_barra-300x255.png 300w\" sizes=\"(max-width: 411px) 100vw, 411px\" style=\"width:100%;height:85.16%;max-width:411px;\" title=\"\">                    <div class=\"space_content\">\n                        <h4>Tapas<\/h4>\n                        <p> Descubre una propuesta que une producto excepcional con sabores que emocionan.                        <\/p>\n                                                    <div class=\"comman-btn\">\n                                <a href=\"https:\/\/grupodanigarcia.com\/wp-content\/uploads\/CARTAS\/LOBITO\/MARBELLA\/ES\/LOBITOMARBELLA_BARRA.pdf?1765360054\" target=\"_blank\" rel=\"noopener\">Ver Men\u00fa<\/a>\n                            <\/div>\n                        \n                    <\/div>\n                <\/article>\n\n\n            <\/div>\n                <\/div>\n    [\/vc_column_text][\/vc_column][\/vc_row][\/vc_section][vc_section full_width=\u00bbstretch_row\u00bb el_class=\u00bbmenu-wrapper-box mnu menu-page-animtion bg-2&#8243; css=\u00bb.vc_custom_1762236560084{background-position: center !important;background-repeat: no-repeat !important;background-size: cover !important;}\u00bb][vc_row content_placement=\u00bbtop\u00bb el_class=\u00bbcontainer\u00bb][vc_column width=\u00bb1\/2&#8243; el_class=\u00bbtheiaStickySidebar left-private-details column-content leftSidebar\u00bb el_id=\u00bbsidebar-nav\u00bb][vc_custom_heading text=\u00bb{lang en_GB}<span>OUR<\/span> MENUS {\/lang}{lang es_ES}<span>nuestros<\/span> MEN\u00daS {\/lang}\u00bb font_container=\u00bbtag:h2|text_align:left|color:%23ffffff\u00bb use_theme_fonts=\u00bbyes\u00bb el_class=\u00bbcomman-heading-style\u00bb][vc_column_text content_es_es=\u00bbRW4lMjBMb2JpdG8lMjBkZSUyME1hciUyMGxhJTIwY29jaW5hJTIwcmluZGUlMjBob21lbmFqZSUyMGFsJTIwbWFyJTIweSUyMGElMjBsYSUyMHRyYWRpY2klQzMlQjNuJTIwbWVkaXRlcnIlQzMlQTFuZWEuJTIwJTNDc3Ryb25nJTNFTnVlc3RyYSUyMGNhcnRhJTIwb2ZyZWNlJTIwcGVzY2Fkb3MlMjBmcmVzY29zJTIwZGUlMjBsb25qYSUyQyUyMG1hcmlzY29zJTIwc2VsZWNjaW9uYWRvcyUyMHklMjB1bmElMjBhbXBsaWElMjB2YXJpZWRhZCUyMGRlJTIwYXJyb2NlcyUzQyUyRnN0cm9uZyUzRSUyMHF1ZSUyMGNlbGVicmFuJTIwbGElMjBlc2VuY2lhJTIwbWFyaW5lcmElMjBjb24lMjBlbCUyMHNlbGxvJTIwY3JlYXRpdm8lMjBkZSUyMERhbmklMjBHYXJjJUMzJUFEYS4lMjBDYWRhJTIwcHJvZHVjdG8lMjBsbGVnYSUyMGNvbiUyMG5vbWJyZSUyMHklMjBhcGVsbGlkbyUyQyUyMHByb2NlZGVudGUlMjBkZSUyMGxvcyUyMG1lam9yZXMlMjBtZXJjYWRvcyUyMHklMjBwcm92ZWVkb3JlcyUyMGxvY2FsZXMlMkMlMjBnYXJhbnRpemFuZG8lMjBjYWxpZGFkJTIweSUyMGF1dGVudGljaWRhZCUyMGVuJTIwY2FkYSUyMHBsYXRvLiUwQSUwQVBhcmElMjBhY29tcGElQzMlQjFhciUyQyUyMGNvbnRhbW9zJTIwY29uJTIwdW5hJTIwJTNDc3Ryb25nJTNFY3VpZGFkYSUyMHNlbGVjY2klQzMlQjNuJTIwZGUlMjB2aW5vcyUzQyUyRnN0cm9uZyUzRSUyQyUyMGRlc2RlJTIwcmVmZXJlbmNpYXMlMjBuYWNpb25hbGVzJTIwZGUlMjBwcmVzdGlnaW8lMjBoYXN0YSUyMHByb3B1ZXN0YXMlMjBpbnRlcm5hY2lvbmFsZXMlMjBxdWUlMjBtYXJpZGFuJTIwYSUyMGxhJTIwcGVyZmVjY2klQzMlQjNuJTIwY29uJTIwbnVlc3RyYSUyMGNvY2luYS4lMjBVbmElMjBleHBlcmllbmNpYSUyMGNvbXBsZXRhJTIwcGFyYSUyMGRlc2N1YnJpciUyMGxhJTIwcmlxdWV6YSUyMGRlbCUyME1lZGl0ZXJyJUMzJUExbmVvJTIwZW4lMjBjYWRhJTIwZGV0YWxsZS4=\u00bb el_class=\u00bbcomman-content\u00bb]At Lobito de Mar, the cuisine <strong>pays homage to the sea and Mediterranean tradition<\/strong>. Our menu features fresh fish from the market, select shellfish, and a wide variety of rice dishes that celebrate the essence of the sea with Dani Garc\u00eda&#8217;s creative touch. Each ingredient is sourced by name, <strong>from the best local markets and suppliers<\/strong>, guaranteeing quality and authenticity in every dish.<\/p>\n<p>To complement your meal, we offer a carefully curated wine selection, from prestigious Spanish labels to international offerings that pair perfectly with our cuisine. <strong>A complete experience to discover the richness of the Mediterranean in every detail<\/strong>.[\/vc_column_text][vc_column_text el_class=\u00bbcomman-content\u00bb][\/vc_column_text][\/vc_column][vc_column width=\u00bb1\/2&#8243; el_class=\u00bbright-slider-wrapper column-img content pt-mobile-comman\u00bb][vc_single_image image=\u00bb4843&#8243; img_size=\u00bbfull\u00bb][\/vc_column][\/vc_row][\/vc_section][vc_section el_class=\u00bbinstagram-wrapper-box\u00bb][vc_row][vc_column][vc_single_image image=\u00bb97&#8243; img_size=\u00bbfull\u00bb alignment=\u00bbcenter\u00bb][\/vc_column][\/vc_row][\/vc_section]<\/p>\n<\/section>","protected":false},"excerpt":{"rendered":"<p>D\u00e9jate llevar por una selecci\u00f3n exclusiva de c\u00f3cteles de autor y bebidas premium. Cada sorbo es una experiencia \u00fanica, creada para complementar a la perfecci\u00f3n los sabores de nuestra cocina a la brasa.<\/p>\n","protected":false},"author":5,"featured_media":0,"parent":1171,"menu_order":1,"comment_status":"closed","ping_status":"closed","template":"","meta":{"footnotes":""},"class_list":["post-5012","page","type-page","status-publish","hentry","entry"],"_links":{"self":[{"href":"https:\/\/lobitorestaurants.com\/es\/wp-json\/wp\/v2\/pages\/5012","targetHints":{"allow":["GET"]}}],"collection":[{"href":"https:\/\/lobitorestaurants.com\/es\/wp-json\/wp\/v2\/pages"}],"about":[{"href":"https:\/\/lobitorestaurants.com\/es\/wp-json\/wp\/v2\/types\/page"}],"author":[{"embeddable":true,"href":"https:\/\/lobitorestaurants.com\/es\/wp-json\/wp\/v2\/users\/5"}],"replies":[{"embeddable":true,"href":"https:\/\/lobitorestaurants.com\/es\/wp-json\/wp\/v2\/comments?post=5012"}],"version-history":[{"count":4,"href":"https:\/\/lobitorestaurants.com\/es\/wp-json\/wp\/v2\/pages\/5012\/revisions"}],"predecessor-version":[{"id":5113,"href":"https:\/\/lobitorestaurants.com\/es\/wp-json\/wp\/v2\/pages\/5012\/revisions\/5113"}],"up":[{"embeddable":true,"href":"https:\/\/lobitorestaurants.com\/es\/wp-json\/wp\/v2\/pages\/1171"}],"wp:attachment":[{"href":"https:\/\/lobitorestaurants.com\/es\/wp-json\/wp\/v2\/media?parent=5012"}],"curies":[{"name":"wp","href":"https:\/\/api.w.org\/{rel}","templated":true}]}}